{"id":634,"date":"2023-12-27T15:20:32","date_gmt":"2023-12-27T15:20:32","guid":{"rendered":"https:\/\/muzeumpamiecitozsamosc.pl\/?page_id=634"},"modified":"2023-12-27T15:26:27","modified_gmt":"2023-12-27T15:26:27","slug":"praca","status":"publish","type":"page","link":"https:\/\/muzeumpamiecitozsamosc.pl\/index.php\/praca\/","title":{"rendered":"Praca"},"content":{"rendered":"\t\t<div data-elementor-type=\"wp-page\" data-elementor-id=\"634\" class=\"elementor elementor-634\" data-elementor-post-type=\"page\">\n\t\t\t\t<div class=\"elementor-element elementor-element-38e20d1 e-flex e-con-boxed e-con e-parent\" data-id=\"38e20d1\" data-element_type=\"container\">\n\t\t\t\t\t<div class=\"e-con-inner\">\n\t\t<div class=\"elementor-element elementor-element-2b426cc e-flex e-con-boxed e-con e-child\" data-id=\"2b426cc\" data-element_type=\"container\">\n\t\t\t\t\t<div class=\"e-con-inner\">\n\t\t\t\t<div class=\"elementor-element elementor-element-4eace9b elementor-grid-1 elementor-posts--thumbnail-none elementor-grid-tablet-2 elementor-grid-mobile-1 elementor-card-shadow-yes elementor-posts__hover-gradient elementor-widget elementor-widget-posts\" data-id=\"4eace9b\" data-element_type=\"widget\" data-settings=\"{&quot;cards_columns&quot;:&quot;1&quot;,&quot;pagination_type&quot;:&quot;numbers_and_prev_next&quot;,&quot;cards_columns_tablet&quot;:&quot;2&quot;,&quot;cards_columns_mobile&quot;:&quot;1&quot;,&quot;cards_row_gap&quot;:{&quot;unit&quot;:&quot;px&quot;,&quot;size&quot;:35,&quot;sizes&quot;:[]},&quot;cards_row_gap_tablet&quot;:{&quot;unit&quot;:&quot;px&quot;,&quot;size&quot;:&quot;&quot;,&quot;sizes&quot;:[]},&quot;cards_row_gap_mobile&quot;:{&quot;unit&quot;:&quot;px&quot;,&quot;size&quot;:&quot;&quot;,&quot;sizes&quot;:[]}}\" data-widget_type=\"posts.cards\">\n\t\t\t\t<div class=\"elementor-widget-container\">\n\t\t\t\t\t\t\t<div class=\"elementor-posts-container elementor-posts elementor-posts--skin-cards elementor-grid\" role=\"list\">\n\t\t\t\t<article class=\"elementor-post elementor-grid-item post-8188 post type-post status-publish format-standard hentry category-archiwum-2026\" role=\"listitem\">\n\t\t\t<div class=\"elementor-post__card\">\n\t\t\t\t<div class=\"elementor-post__text\">\n\t\t\t\t<h3 class=\"elementor-post__title\">\n\t\t\t<a href=\"https:\/\/muzeumpamiecitozsamosc.pl\/index.php\/2026\/03\/06\/pracownik-ochrony-fizycznej-2\/\" >\n\t\t\t\tPracownik ochrony fizycznej\t\t\t<\/a>\n\t\t<\/h3>\n\t\t\t\t<div class=\"elementor-post__excerpt\">\n\t\t\t<p>Nab\u00f3r\u00a0zako\u0144czony wyborem kandydata Marcin Wi\u015bniewski. Termin sk\u0142adania aplikacji: 26.01.2026 r. dokumenty nale\u017cy dostarczy\u0107 w zamkni\u0119tej kopercie do dnia 26.01.2026 r.. poczt\u0105 na adres: Muzeum Pami\u0119\u0107<\/p>\n\t\t<\/div>\n\t\t\n\t\t<a class=\"elementor-post__read-more\" href=\"https:\/\/muzeumpamiecitozsamosc.pl\/index.php\/2026\/03\/06\/pracownik-ochrony-fizycznej-2\/\" aria-label=\"Read more about Pracownik ochrony fizycznej\" tabindex=\"-1\" >\n\t\t\twi\u0119cej \u00bb\t\t<\/a>\n\n\t\t\t\t<\/div>\n\t\t\t\t\t<\/div>\n\t\t<\/article>\n\t\t\t\t<article class=\"elementor-post elementor-grid-item post-8184 post type-post status-publish format-standard hentry category-archiwum-2026\" role=\"listitem\">\n\t\t\t<div class=\"elementor-post__card\">\n\t\t\t\t<div class=\"elementor-post__text\">\n\t\t\t\t<h3 class=\"elementor-post__title\">\n\t\t\t<a href=\"https:\/\/muzeumpamiecitozsamosc.pl\/index.php\/2026\/03\/06\/pracownik-utrzymania-czystosci\/\" >\n\t\t\t\tPracownik utrzymania czysto\u015bci\t\t\t<\/a>\n\t\t<\/h3>\n\t\t\t\t<div class=\"elementor-post__excerpt\">\n\t\t\t<p>Nab\u00f3r\u00a0zako\u0144czony wyborem nast\u0119puj\u0105cych kandydat\u00f3w: Aneta Chojnacka, Monika Dudzi\u0144ska, Agnieszka Winniewska. Termin sk\u0142adania aplikacji: 26.01.2026 r. dokumenty nale\u017cy dostarczy\u0107 w zamkni\u0119tej kopercie do dnia 26.01.2026 r..<\/p>\n\t\t<\/div>\n\t\t\n\t\t<a class=\"elementor-post__read-more\" href=\"https:\/\/muzeumpamiecitozsamosc.pl\/index.php\/2026\/03\/06\/pracownik-utrzymania-czystosci\/\" aria-label=\"Read more about Pracownik utrzymania czysto\u015bci\" tabindex=\"-1\" >\n\t\t\twi\u0119cej \u00bb\t\t<\/a>\n\n\t\t\t\t<\/div>\n\t\t\t\t\t<\/div>\n\t\t<\/article>\n\t\t\t\t<article class=\"elementor-post elementor-grid-item post-8179 post type-post status-publish format-standard hentry category-archiwum-2026\" role=\"listitem\">\n\t\t\t<div class=\"elementor-post__card\">\n\t\t\t\t<div class=\"elementor-post__text\">\n\t\t\t\t<h3 class=\"elementor-post__title\">\n\t\t\t<a href=\"https:\/\/muzeumpamiecitozsamosc.pl\/index.php\/2026\/01\/13\/pracownik-gospodarczy\/\" >\n\t\t\t\tPracownik gospodarczy\t\t\t<\/a>\n\t\t<\/h3>\n\t\t\t\t<div class=\"elementor-post__excerpt\">\n\t\t\t<p>Nab\u00f3r zako\u0144czony wyborem kandydata Dariusz Durski Termin sk\u0142adania aplikacji: 26.01.2026 r. dokumenty nale\u017cy dostarczy\u0107 w zamkni\u0119tej kopercie do dnia 26.01.2026 r.. poczt\u0105 na adres: Muzeum<\/p>\n\t\t<\/div>\n\t\t\n\t\t<a class=\"elementor-post__read-more\" href=\"https:\/\/muzeumpamiecitozsamosc.pl\/index.php\/2026\/01\/13\/pracownik-gospodarczy\/\" aria-label=\"Read more about Pracownik gospodarczy\" tabindex=\"-1\" >\n\t\t\twi\u0119cej \u00bb\t\t<\/a>\n\n\t\t\t\t<\/div>\n\t\t\t\t\t<\/div>\n\t\t<\/article>\n\t\t\t\t<article class=\"elementor-post elementor-grid-item post-3403 post type-post status-publish format-standard hentry category-archiwum-2024 category-archiwum-2025\" role=\"listitem\">\n\t\t\t<div class=\"elementor-post__card\">\n\t\t\t\t<div class=\"elementor-post__text\">\n\t\t\t\t<h3 class=\"elementor-post__title\">\n\t\t\t<a href=\"https:\/\/muzeumpamiecitozsamosc.pl\/index.php\/2025\/03\/03\/powtorzone-adiunkt-do-dzialu-naukowo-tworczego\/\" >\n\t\t\t\tPowt\u00f3rzone-Adiunkt do dzia\u0142u Naukowo-Tw\u00f3rczego\t\t\t<\/a>\n\t\t<\/h3>\n\t\t\t\t<div class=\"elementor-post__excerpt\">\n\t\t\t<p>Nab\u00f3r zako\u0144czony wyborem kandydata: Tomasz Gajownik Termin sk\u0142adania aplikacji: 16.03.2025 r. dokumenty nale\u017cy dostarczy\u0107 w zamkni\u0119tej kopercie do dnia 16.03..2025 r.. poczt\u0105 na adres: Muzeum<\/p>\n\t\t<\/div>\n\t\t\n\t\t<a class=\"elementor-post__read-more\" href=\"https:\/\/muzeumpamiecitozsamosc.pl\/index.php\/2025\/03\/03\/powtorzone-adiunkt-do-dzialu-naukowo-tworczego\/\" aria-label=\"Read more about Powt\u00f3rzone-Adiunkt do dzia\u0142u Naukowo-Tw\u00f3rczego\" tabindex=\"-1\" >\n\t\t\twi\u0119cej \u00bb\t\t<\/a>\n\n\t\t\t\t<\/div>\n\t\t\t\t\t<\/div>\n\t\t<\/article>\n\t\t\t\t<article class=\"elementor-post elementor-grid-item post-3080 post type-post status-publish format-standard hentry category-archiwum-2024\" role=\"listitem\">\n\t\t\t<div class=\"elementor-post__card\">\n\t\t\t\t<div class=\"elementor-post__text\">\n\t\t\t\t<h3 class=\"elementor-post__title\">\n\t\t\t<a href=\"https:\/\/muzeumpamiecitozsamosc.pl\/index.php\/2025\/01\/20\/kierownik-dzialu-administracyjnego\/\" >\n\t\t\t\tKierownik Dzia\u0142u Administracyjnego\t\t\t<\/a>\n\t\t<\/h3>\n\t\t\t\t<div class=\"elementor-post__excerpt\">\n\t\t\t<p>Nab\u00f3r zako\u0144czony bez wy\u0142onienia kandydata do zatrudnienia. Termin sk\u0142adania aplikacji: 04.02.2025 r. dokumenty nale\u017cy dostarczy\u0107 w zamkni\u0119tej kopercie do dnia 04.02.2025 r.. poczt\u0105 na adres:<\/p>\n\t\t<\/div>\n\t\t\n\t\t<a class=\"elementor-post__read-more\" href=\"https:\/\/muzeumpamiecitozsamosc.pl\/index.php\/2025\/01\/20\/kierownik-dzialu-administracyjnego\/\" aria-label=\"Read more about Kierownik Dzia\u0142u Administracyjnego\" tabindex=\"-1\" >\n\t\t\twi\u0119cej \u00bb\t\t<\/a>\n\n\t\t\t\t<\/div>\n\t\t\t\t\t<\/div>\n\t\t<\/article>\n\t\t\t\t<article class=\"elementor-post elementor-grid-item post-3056 post type-post status-publish format-standard hentry category-archiwum-2024\" role=\"listitem\">\n\t\t\t<div class=\"elementor-post__card\">\n\t\t\t\t<div class=\"elementor-post__text\">\n\t\t\t\t<h3 class=\"elementor-post__title\">\n\t\t\t<a href=\"https:\/\/muzeumpamiecitozsamosc.pl\/index.php\/2025\/01\/16\/adiunkta-do-dzialu-naukowo-tworczego\/\" >\n\t\t\t\tAdiunkt do dzia\u0142u Naukowo-Tw\u00f3rczego\t\t\t<\/a>\n\t\t<\/h3>\n\t\t\t\t<div class=\"elementor-post__excerpt\">\n\t\t\t<p>Nab\u00f3r zako\u0144czony rezygnacj\u0105 kandydata. Termin sk\u0142adania aplikacji: 31.01.2025 r. dokumenty nale\u017cy dostarczy\u0107 w zamkni\u0119tej kopercie do dnia 31.01.2025 r.. poczt\u0105 na adres: Muzeum Pami\u0119\u0107 i<\/p>\n\t\t<\/div>\n\t\t\n\t\t<a class=\"elementor-post__read-more\" href=\"https:\/\/muzeumpamiecitozsamosc.pl\/index.php\/2025\/01\/16\/adiunkta-do-dzialu-naukowo-tworczego\/\" aria-label=\"Read more about Adiunkt do dzia\u0142u Naukowo-Tw\u00f3rczego\" tabindex=\"-1\" >\n\t\t\twi\u0119cej \u00bb\t\t<\/a>\n\n\t\t\t\t<\/div>\n\t\t\t\t\t<\/div>\n\t\t<\/article>\n\t\t\t\t<\/div>\n\t\t\n\t\t\t\t<div class=\"e-load-more-anchor\" data-page=\"1\" data-max-page=\"7\" data-next-page=\"https:\/\/muzeumpamiecitozsamosc.pl\/index.php\/wp-json\/wp\/v2\/pages\/634\/page\/2\/\"><\/div>\n\t\t\t\t<nav class=\"elementor-pagination\" aria-label=\"Paginacja\">\n\t\t\t<span class=\"page-numbers prev\">&laquo; Poprzedni<\/span>\n<span aria-current=\"page\" class=\"page-numbers current\"><span class=\"elementor-screen-only\">Strona<\/span>1<\/span>\n<a class=\"page-numbers\" href=\"https:\/\/muzeumpamiecitozsamosc.pl\/index.php\/wp-json\/wp\/v2\/pages\/634\/page\/2\/\"><span class=\"elementor-screen-only\">Strona<\/span>2<\/a>\n<a class=\"page-numbers\" href=\"https:\/\/muzeumpamiecitozsamosc.pl\/index.php\/wp-json\/wp\/v2\/pages\/634\/page\/3\/\"><span class=\"elementor-screen-only\">Strona<\/span>3<\/a>\n<a class=\"page-numbers\" href=\"https:\/\/muzeumpamiecitozsamosc.pl\/index.php\/wp-json\/wp\/v2\/pages\/634\/page\/4\/\"><span class=\"elementor-screen-only\">Strona<\/span>4<\/a>\n<a class=\"page-numbers\" href=\"https:\/\/muzeumpamiecitozsamosc.pl\/index.php\/wp-json\/wp\/v2\/pages\/634\/page\/5\/\"><span class=\"elementor-screen-only\">Strona<\/span>5<\/a>\n<a class=\"page-numbers next\" href=\"https:\/\/muzeumpamiecitozsamosc.pl\/index.php\/wp-json\/wp\/v2\/pages\/634\/page\/2\/\">Nast\u0119pny &raquo;<\/a>\t\t<\/nav>\n\t\t\t\t\t\t<\/div>\n\t\t\t\t<\/div>\n\t\t\t\t\t<\/div>\n\t\t\t\t<\/div>\n\t\t\t\t\t<\/div>\n\t\t\t\t<\/div>\n\t\t\t\t<\/div>\n\t\t","protected":false},"excerpt":{"rendered":"","protected":false},"author":1,"featured_media":0,"parent":0,"menu_order":0,"comment_status":"closed","ping_status":"closed","template":"","meta":{"_acf_changed":false,"footnotes":""},"class_list":["post-634","page","type-page","status-publish","hentry"],"acf":[],"_links":{"self":[{"href":"https:\/\/muzeumpamiecitozsamosc.pl\/index.php\/wp-json\/wp\/v2\/pages\/634","targetHints":{"allow":["GET"]}}],"collection":[{"href":"https:\/\/muzeumpamiecitozsamosc.pl\/index.php\/wp-json\/wp\/v2\/pages"}],"about":[{"href":"https:\/\/muzeumpamiecitozsamosc.pl\/index.php\/wp-json\/wp\/v2\/types\/page"}],"author":[{"embeddable":true,"href":"https:\/\/muzeumpamiecitozsamosc.pl\/index.php\/wp-json\/wp\/v2\/users\/1"}],"replies":[{"embeddable":true,"href":"https:\/\/muzeumpamiecitozsamosc.pl\/index.php\/wp-json\/wp\/v2\/comments?post=634"}],"version-history":[{"count":12,"href":"https:\/\/muzeumpamiecitozsamosc.pl\/index.php\/wp-json\/wp\/v2\/pages\/634\/revisions"}],"predecessor-version":[{"id":647,"href":"https:\/\/muzeumpamiecitozsamosc.pl\/index.php\/wp-json\/wp\/v2\/pages\/634\/revisions\/647"}],"wp:attachment":[{"href":"https:\/\/muzeumpamiecitozsamosc.pl\/index.php\/wp-json\/wp\/v2\/media?parent=634"}],"curies":[{"name":"wp","href":"https:\/\/api.w.org\/{rel}","templated":true}]}}