{"id":7060,"date":"2025-11-17T13:47:30","date_gmt":"2025-11-17T12:47:30","guid":{"rendered":"https:\/\/muzeumpamiecitozsamosc.pl\/?page_id=7060"},"modified":"2026-04-07T20:05:13","modified_gmt":"2026-04-07T18:05:13","slug":"deklaracja-dostepnosci","status":"publish","type":"page","link":"https:\/\/muzeumpamiecitozsamosc.pl\/index.php\/deklaracja-dostepnosci\/","title":{"rendered":"Deklaracja dost\u0119pno\u015bci"},"content":{"rendered":"\t\t<div data-elementor-type=\"wp-page\" data-elementor-id=\"7060\" class=\"elementor elementor-7060\" data-elementor-post-type=\"page\">\n\t\t\t\t<div class=\"elementor-element elementor-element-8e5fcf1 e-flex e-con-boxed e-con e-parent\" data-id=\"8e5fcf1\" data-element_type=\"container\">\n\t\t\t\t\t<div class=\"e-con-inner\">\n\t\t\t\t<div class=\"elementor-element elementor-element-184cf19 elementor-widget elementor-widget-video\" data-id=\"184cf19\" data-element_type=\"widget\" data-settings=\"{&quot;video_type&quot;:&quot;hosted&quot;,&quot;autoplay&quot;:&quot;yes&quot;,&quot;loop&quot;:&quot;yes&quot;,&quot;play_on_mobile&quot;:&quot;yes&quot;,&quot;controls&quot;:&quot;yes&quot;}\" data-widget_type=\"video.default\">\n\t\t\t\t<div class=\"elementor-widget-container\">\n\t\t\t\t\t\t\t<div class=\"e-hosted-video elementor-wrapper elementor-open-inline\">\n\t\t\t\t\t<video class=\"elementor-video\" src=\"https:\/\/muzeumpamiecitozsamosc.pl\/wp-content\/uploads\/2025\/11\/muzeum-pamieci.mp4\" autoplay=\"\" loop=\"\" controls=\"\" playsinline=\"\" controlsList=\"nodownload\"><\/video>\n\t\t\t\t<\/div>\n\t\t\t\t\t\t<\/div>\n\t\t\t\t<\/div>\n\t\t\t\t\t<\/div>\n\t\t\t\t<\/div>\n\t\t<div class=\"elementor-element elementor-element-4cd8c0e e-flex e-con-boxed e-con e-parent\" data-id=\"4cd8c0e\" data-element_type=\"container\">\n\t\t\t\t\t<div class=\"e-con-inner\">\n\t\t\t\t<div class=\"elementor-element elementor-element-27a6be6 elementor-widget elementor-widget-heading\" data-id=\"27a6be6\" data-element_type=\"widget\" data-widget_type=\"heading.default\">\n\t\t\t\t<div class=\"elementor-widget-container\">\n\t\t\t\t\t<h2 class=\"elementor-heading-title elementor-size-default\">Deklaracja dost\u0119pno\u015bci<br>\nMuzeum \u201ePami\u0119\u0107 i To\u017csamo\u015b\u0107\u201d im. \u015bw. Jana Paw\u0142a II (w organizacji)<\/h2>\t\t\t\t<\/div>\n\t\t\t\t<\/div>\n\t\t\t\t\t<\/div>\n\t\t\t\t<\/div>\n\t\t<div class=\"elementor-element elementor-element-b8958de e-flex e-con-boxed e-con e-parent\" data-id=\"b8958de\" data-element_type=\"container\">\n\t\t\t\t\t<div class=\"e-con-inner\">\n\t\t\t\t<div class=\"elementor-element elementor-element-a7859eb elementor-widget elementor-widget-text-editor\" data-id=\"a7859eb\" data-element_type=\"widget\" data-widget_type=\"text-editor.default\">\n\t\t\t\t<div class=\"elementor-widget-container\">\n\t\t\t\t\t\t\t\t\t<p><strong>Informacje og\u00f3lne<\/strong><\/p><p>Muzeum \u201ePami\u0119\u0107 i To\u017csamo\u015b\u0107&#8221; im. \u015bw. Jana Paw\u0142a II w (organizacji) zobowi\u0105zuje si\u0119 zapewni\u0107 dost\u0119pno\u015b\u0107 swojej strony internetowej zgodnie z ustaw\u0105 z dnia 4 kwietnia 2019 r. o dost\u0119pno\u015bci cyfrowej stron internetowych i aplikacji mobilnych podmiot\u00f3w publicznych.<\/p><p>Deklaracja dost\u0119pno\u015bci dotyczy strony internetowej: <a href=\"https:\/\/muzeumpamiecitozsamosc.pl\/\">https:\/\/muzeumpamiecitozsamosc.pl<\/a><\/p><p><strong>Stan dost\u0119pno\u015bci cyfrowej<\/strong><\/p><p>Strona internetowa jest cz\u0119\u015bciowo zgodna z wymaganiami okre\u015blonymi w ustawie o dost\u0119pno\u015bci cyfrowej stron internetowych i aplikacji mobilnych podmiot\u00f3w publicznych. Oznacza to, \u017ce witryna spe\u0142nia wi\u0119kszo\u015b\u0107 standard\u00f3w dost\u0119pno\u015bci, jednak wyst\u0119puj\u0105 pewne elementy, kt\u00f3re wymagaj\u0105 poprawy.<\/p><ul><li>cz\u0119\u015b\u0107 zdj\u0119\u0107 i grafik umieszczonych na stronie nie zawiera tekst\u00f3w alternatywnych<\/li><li>niekt\u00f3rych miejscach kontrast tekstu wzgl\u0119dem t\u0142a jest niewystarczaj\u0105cy<\/li><li>cz\u0119\u015b\u0107 materia\u0142\u00f3w wideo udost\u0119pnionych na stronie nie posiada alternatywnych form przekazu, takich jak transkrypcje tekstowe, audiodeskrypcji czy dodatkowe \u015bcie\u017cki d\u017awi\u0119kowe opisuj\u0105ce obraz. Jest to element, kt\u00f3ry sukcesywnie b\u0119dzie uzupe\u0142niany<\/li><\/ul><p><strong>Wy\u0142\u0105czenia<\/strong><\/p><p>Niekt\u00f3re elementy witryny s\u0105 wy\u0142\u0105czone z obowi\u0105zku zapewnienia dost\u0119pno\u015bci. Dotyczy to przede wszystkim map osadzonych na stronie. Ponadto niekt\u00f3re grafiki o charakterze czysto promocyjnym nie s\u0105 wykorzystywane do realizacji bie\u017c\u0105cych zada\u0144 muzeum i r\u00f3wnie\u017c zosta\u0142y wy\u0142\u0105czone z obowi\u0105zku dostosowania.<\/p><p>Strona internetowa muzeum znajduje si\u0119 w fazie rozwoju. Dok\u0142adane s\u0105 wszelkie starania, aby na bie\u017c\u0105co poprawia\u0107 dost\u0119pno\u015b\u0107 cyfrow\u0105 i usuwa\u0107 bariery.<\/p><p><strong>Przygotowanie deklaracji dost\u0119pno\u015bci<\/strong><\/p><p>Data ostatniej istotnej aktualizacji: 14.05.2025<\/p><p>Data sporz\u0105dzenia deklaracji dost\u0119pno\u015bci: 31.03.2026<\/p><p><strong>Informacje dodatkowe<\/strong><\/p><p>U\u017cytkownicy mog\u0105 korzysta\u0107 ze standardowych skr\u00f3t\u00f3w klawiaturowych dost\u0119pnych w przegl\u0105darkach internetowych. Nawigacja za pomoc\u0105 klawisza Tab dzia\u0142a prawid\u0142owo \u2013 elementy interfejsu s\u0105 odpowiednio oznaczone i mo\u017cna si\u0119 po nich porusza\u0107 w logicznej kolejno\u015bci. W serwisie zosta\u0142 r\u00f3wnie\u017c w\u0142\u0105czony widoczny fokus, kt\u00f3ry umo\u017cliwia zorientowanie si\u0119, kt\u00f3ry element aktualnie jest zaznaczony.<\/p><p>W lewym g\u00f3rnym rogu strony znajduje si\u0119 panel u\u0142atwie\u0144 dost\u0119pu, kt\u00f3ry pozwala m.in. na powi\u0119kszanie lub zmniejszanie czcionki oraz zmian\u0119 kontrastu kolorystycznego interfejsu.<\/p><p><strong>Dost\u0119pno\u015b\u0107 architektoniczna<\/strong><\/p><p>Muzeum To\u017csamo\u015b\u0107 i Pami\u0119\u0107 im. Jana Paw\u0142a II w (organizacji) jest bardzo dobrze dostosowane pod wzgl\u0119dem przestrzeni i architektury.<\/p><p><strong>Otoczenie muzeum<\/strong><\/p><p>Z przystanku autobusowego \u201eStarotoru\u0144ska&#8221; mo\u017cna bez przeszk\u00f3d dotrze\u0107 do budynku. Nawierzchnia z kostki brukowej mo\u017ce stanowi\u0107 utrudnienie dla os\u00f3b z niepe\u0142nosprawno\u015bci\u0105 ruchow\u0105.<\/p><p>Dla os\u00f3b posiadaj\u0105cych samoch\u00f3d dost\u0119pne s\u0105 trzy miejsca parkingowe dla os\u00f3b z niepe\u0142nosprawno\u015bciami w pobli\u017cu wej\u015bcia g\u0142\u00f3wnego.<\/p><p><strong>Pies przewodnik<\/strong> \u2013 istnieje mo\u017cliwo\u015b\u0107 wej\u015bcia na teren muzeum z psem przewodnikiem i psem asystuj\u0105cym.<\/p><p><strong>Gmach g\u0142\u00f3wny<\/strong><\/p><p>Budynek posiada szerokie, przestronne korytarze, brak prog\u00f3w i barier, a wej\u015bcie do budynku jest p\u0142askie i wyposa\u017cone w drzwi automatyczne.<\/p><p>Zastosowano oznaczenia dotykowe w postaci pas\u00f3w prowadz\u0105cych i p\u00f3l uwagi. Schody posiadaj\u0105 oznaczenia kontrastowe, a por\u0119cze oznaczenia w alfabecie Braille&#8217;a.<\/p><p><strong>Na parterze<\/strong> znajduje si\u0119 punkt obs\u0142ugi oraz wystawy. Lady obs\u0142ugowe zosta\u0142y cz\u0119\u015bciowo obni\u017cone, co u\u0142atwia korzystanie z nich osobom poruszaj\u0105cym si\u0119 na w\u00f3zkach. Obok kas znajduje si\u0119 strefa poczekalni.<\/p><p>Kasa wyposa\u017cona jest w <strong>p\u0119tl\u0119 indukcyjn\u0105.<\/strong><\/p><p><strong>Toalety<\/strong> przystosowane dla os\u00f3b z niepe\u0142nosprawno\u015bciami s\u0105 dost\u0119pne na ka\u017cdym pi\u0119trze, a na pierwszym pi\u0119trze dodatkowo znajduje si\u0119 toaleta wyposa\u017cona w przewijak dla niemowl\u0105t.<\/p><p><strong>Windy<\/strong> w budynku spe\u0142niaj\u0105 wymagania dost\u0119pno\u015bci \u2013 maj\u0105 odpowiedni\u0105 szeroko\u015b\u0107, automatyczne drzwi, sygnalizacj\u0119 d\u017awi\u0119kow\u0105, por\u0119cze oraz oznaczenia w alfabecie Braille&#8217;a.<\/p><p><strong>Audytorium<\/strong> znajduj\u0105ce si\u0119 na pierwszym pi\u0119trze jest dost\u0119pne dla os\u00f3b poruszaj\u0105cych si\u0119 na w\u00f3zkach. W razie potrzeby istnieje mo\u017cliwo\u015b\u0107 demonta\u017cu cz\u0119\u015bci siedzisk, co zwi\u0119ksza elastyczno\u015b\u0107 przestrzeni.<\/p><p>W audytorium nie zainstalowano p\u0119tli indukcyjnej.<\/p><p><strong>W\u00f3zki inwalidzkie<\/strong> s\u0105 dost\u0119pne do wypo\u017cyczenia w punkcie obs\u0142ugi.<\/p><p><strong>Informacje dodatkowe<\/strong><\/p><p>Obecnie na terenie obiektu nie wdro\u017cono jeszcze plan\u00f3w tyflograficznych oraz nie zapewniono mo\u017cliwo\u015bci skorzystania z t\u0142umacza Polskiego J\u0119zyka Migowego zar\u00f3wno w formie stacjonarnej jak i online. Wskazane elementy stanowi\u0105 zakres planowanych dzia\u0142a\u0144 w obszarze dalszego podnoszenia dost\u0119pno\u015bci.<\/p><p><strong>Utrudnienia przy wej\u015bciach<\/strong> \u2013 cz\u0119\u015b\u0107 drzwi w budynku mo\u017ce stanowi\u0107 utrudnienie ze wzgl\u0119du na ich ci\u0119\u017car.<\/p><p><strong>Kontakt w sprawie dost\u0119pno\u015bci<\/strong><\/p><p>W przypadku problem\u00f3w z dost\u0119pno\u015bci\u0105 strony internetowej, prosimy o kontakt mailowy pod adresem:<br \/><a href=\"mailto:dostepnosc@muzeumpamiecitozsamosc.pl?subject=Dost%C4%99pno%C5%9B%C4%87\">dostepnosc@muzeumpamiecitozsamosc.pl<\/a><\/p><p>T\u0105 sam\u0105 drog\u0105 mo\u017cna:<\/p><ul><li>zg\u0142asza\u0107 uwagi dotycz\u0105ce dost\u0119pno\u015bci strony internetowej lub jej element\u00f3w,<\/li><li>sk\u0142ada\u0107 wnioski o zapewnienie dost\u0119pno\u015bci cyfrowej konkretnej tre\u015bci,<\/li><li>prosi\u0107 o udost\u0119pnienie informacji w alternatywnym formacie (np. w formie tekstowej, d\u017awi\u0119kowej, uproszczonej).<\/li><\/ul><p>Aby usprawni\u0107 proces, prosimy poda\u0107 imi\u0119 i nazwisko, dane kontaktowe (adres e-mail lub numer telefonu), adres podstrony, kt\u00f3rej dotyczy zg\u0142oszenie oraz kr\u00f3tki opis problemu wraz z preferowanym sposobem rozwi\u0105zania.<\/p><p>Na ka\u017cde zg\u0142oszenie odpowiadamy mo\u017cliwie jak najszybciej, nie p\u00f3\u017aniej ni\u017c w ci\u0105gu 7 dni roboczych. Je\u017celi w tym czasie nie b\u0119dzie mo\u017cliwe zapewnienie dost\u0119pno\u015bci, poinformujemy o nowym, maksymalnym terminie \u2013 nie d\u0142u\u017cszym ni\u017c 2 miesi\u0105ce od daty zg\u0142oszenia.<\/p><p>W przypadku odmowy realizacji \u017c\u0105dania mo\u017cna z\u0142o\u017cy\u0107 skarg\u0119 do organu nadzoruj\u0105cego:<\/p><p>Ministerstwo Kultury, Dziedzictwa Narodowego i Sportu<br \/>ul. Krakowskie Przedmie\u015bcie 15\/17,<br \/>00-071 Warszawa<br \/>E-mail: esp@mkidn.gov.pl<br \/>Telefon: +48 22 42 10 100<\/p><p>Osob\u0105 wyznaczon\u0105 do kontaktu w sprawach dost\u0119pno\u015bci jest pani <strong>Agata \u0141ukaszczyk.<\/strong><\/p>\t\t\t\t\t\t\t\t<\/div>\n\t\t\t\t<\/div>\n\t\t\t\t\t<\/div>\n\t\t\t\t<\/div>\n\t\t\t\t<\/div>\n\t\t","protected":false},"excerpt":{"rendered":"<p>https:\/\/muzeumpamiecitozsamosc.pl\/wp-content\/uploads\/2025\/11\/muzeum-pamieci.mp4 Deklaracja dost\u0119pno\u015bci Muzeum \u201ePami\u0119\u0107 i To\u017csamo\u015b\u0107\u201d im. \u015bw. Jana Paw\u0142a II (w organizacji) Informacje og\u00f3lne Muzeum \u201ePami\u0119\u0107 i To\u017csamo\u015b\u0107&#8221; im. \u015bw. Jana Paw\u0142a II w (organizacji) zobowi\u0105zuje si\u0119 zapewni\u0107 dost\u0119pno\u015b\u0107 swojej strony internetowej zgodnie z ustaw\u0105 z dnia 4 kwietnia 2019 r. o dost\u0119pno\u015bci cyfrowej stron internetowych i aplikacji mobilnych podmiot\u00f3w publicznych. Deklaracja dost\u0119pno\u015bci [&hellip;]<\/p>\n","protected":false},"author":1,"featured_media":0,"parent":0,"menu_order":0,"comment_status":"closed","ping_status":"closed","template":"","meta":{"_acf_changed":false,"footnotes":""},"class_list":["post-7060","page","type-page","status-publish","hentry"],"acf":[],"_links":{"self":[{"href":"https:\/\/muzeumpamiecitozsamosc.pl\/index.php\/wp-json\/wp\/v2\/pages\/7060","targetHints":{"allow":["GET"]}}],"collection":[{"href":"https:\/\/muzeumpamiecitozsamosc.pl\/index.php\/wp-json\/wp\/v2\/pages"}],"about":[{"href":"https:\/\/muzeumpamiecitozsamosc.pl\/index.php\/wp-json\/wp\/v2\/types\/page"}],"author":[{"embeddable":true,"href":"https:\/\/muzeumpamiecitozsamosc.pl\/index.php\/wp-json\/wp\/v2\/users\/1"}],"replies":[{"embeddable":true,"href":"https:\/\/muzeumpamiecitozsamosc.pl\/index.php\/wp-json\/wp\/v2\/comments?post=7060"}],"version-history":[{"count":15,"href":"https:\/\/muzeumpamiecitozsamosc.pl\/index.php\/wp-json\/wp\/v2\/pages\/7060\/revisions"}],"predecessor-version":[{"id":8727,"href":"https:\/\/muzeumpamiecitozsamosc.pl\/index.php\/wp-json\/wp\/v2\/pages\/7060\/revisions\/8727"}],"wp:attachment":[{"href":"https:\/\/muzeumpamiecitozsamosc.pl\/index.php\/wp-json\/wp\/v2\/media?parent=7060"}],"curies":[{"name":"wp","href":"https:\/\/api.w.org\/{rel}","templated":true}]}}