{"id":800,"date":"2023-12-29T08:37:12","date_gmt":"2023-12-29T08:37:12","guid":{"rendered":"https:\/\/muzeumpamiecitozsamosc.pl\/?page_id=800"},"modified":"2025-05-27T17:26:00","modified_gmt":"2025-05-27T15:26:00","slug":"o-muzeum","status":"publish","type":"page","link":"https:\/\/muzeumpamiecitozsamosc.pl\/index.php\/o-muzeum\/","title":{"rendered":"O Muzeum"},"content":{"rendered":"\t\t<div data-elementor-type=\"wp-page\" data-elementor-id=\"800\" class=\"elementor elementor-800\" data-elementor-post-type=\"page\">\n\t\t\t\t<div class=\"elementor-element elementor-element-e8c2d41 e-flex e-con-boxed e-con e-parent\" data-id=\"e8c2d41\" data-element_type=\"container\">\n\t\t\t\t\t<div class=\"e-con-inner\">\n\t\t\t\t<div class=\"elementor-element elementor-element-ddcc626 elementor-widget elementor-widget-image\" data-id=\"ddcc626\" data-element_type=\"widget\" data-widget_type=\"image.default\">\n\t\t\t\t<div class=\"elementor-widget-container\">\n\t\t\t\t\t\t\t\t\t\t\t\t\t\t\t<img decoding=\"async\" src=\"https:\/\/muzeumpamiecitozsamosc.pl\/wp-content\/uploads\/elementor\/thumbs\/DJI_20250423185114_0510_D-scaled-r4torttfxj3l4y18v3cviajbfkoz3mtmv1wf0z66qg.jpg\" title=\"default\" alt=\"default\" loading=\"lazy\" \/>\t\t\t\t\t\t\t\t\t\t\t\t\t\t\t<\/div>\n\t\t\t\t<\/div>\n\t\t\t\t\t<\/div>\n\t\t\t\t<\/div>\n\t\t<div class=\"elementor-element elementor-element-38b047f e-flex e-con-boxed e-con e-parent\" data-id=\"38b047f\" data-element_type=\"container\">\n\t\t\t\t\t<div class=\"e-con-inner\">\n\t\t<div class=\"elementor-element elementor-element-d33243f e-con-full e-flex e-con e-child\" data-id=\"d33243f\" data-element_type=\"container\">\n\t\t\t\t<div class=\"elementor-element elementor-element-21d6a69 elementor-widget elementor-widget-text-editor\" data-id=\"21d6a69\" data-element_type=\"widget\" data-widget_type=\"text-editor.default\">\n\t\t\t\t<div class=\"elementor-widget-container\">\n\t\t\t\t\t\t\t\t\t<h5>Zgodnie z umow\u0105 zawart\u0105 20.06.2018 r. pomi\u0119dzy Wiceprezesem Rady Ministr\u00f3w, Ministrem Kultury i Dziedzictwa Narodowego a Fundacj\u0105 Lux Veritatis utworzona zosta\u0142a z dniem 02.07.2018 r. instytucja kultury pod nazw\u0105 Muzeum \u201ePami\u0119\u0107 i To\u017csamo\u015b\u0107\u201d im. \u015bw. Jana Paw\u0142a II (w organizacji).<\/h5><h5>Zarz\u0105dzeniem Ministra Kultury i Dziedzictwa Narodowego z dnia 29 czerwca 2018 r. (Dz. Urz. MKiDN z 2018 r. poz. 43) nadano statut Muzeum.<\/h5><h5>Muzeum jest wpisane do rejestru instytucji kultury, prowadzonego przez ministra w\u0142a\u015bciwego do spraw kultury i ochrony dziedzictwa narodowego pod numerem RIK 110\/2018.<\/h5><h5>Muzeum ,,Pami\u0119\u0107 i To\u017csamo\u015b\u0107\u201d im. \u015bw. Jana Paw\u0142a II b\u0119dzie miejscem szczeg\u00f3lnym: przedstawi histori\u0119 Polski od chrze\u015bcija\u0144skich pocz\u0105tk\u00f3w jej pa\u0144stwowo\u015bci po wsp\u00f3\u0142czesno\u015b\u0107, unikaj\u0105c schemat\u00f3w prostej chronologii. Dzieje kraju nad Wis\u0142\u0105 zaprezentowane zostan\u0105 z wielu perspektyw, stwarzaj\u0105c mo\u017cliwo\u015bci zr\u00f3\u017cnicowanego odbioru, lecz dominuj\u0105ce b\u0119dzie spe\u0142nienie przes\u0142ania \u015bw. Jana Paw\u0142a II, kt\u00f3ry uwa\u017ca\u0142, \u017ce wydarzenia historyczne powinny by\u0107 rozumiane przez pryzmat odwiecznych prawd filozoficznych i teologicznych. Stworzony zostanie nowy paradygmat narracji historii Polski, kt\u00f3ry m.in. skonfrontuje bezsprzeczne dokonania z trudn\u0105 prawd\u0105 przesz\u0142o\u015bci wyra\u017con\u0105 w krytycznych opiniach o nas, jako narodzie.<\/h5><h5>Muzeum ,,Pami\u0119\u0107 i To\u017csamo\u015b\u0107\u201d im. \u015bw. Jana Paw\u0142a II ma za zadanie promowa\u0107 histori\u0119 Polski, polskie dziedzictwo, kultywowa\u0107 idee wolno\u015bci i solidarno\u015bci zar\u00f3wno w przestrzeni krajowej, jak i mi\u0119dzynarodowej. R\u00f3wnocze\u015bnie b\u0119dzie zaprasza\u0142o do swoistej podr\u00f3\u017cy w poszukiwaniu bycia \u201esob\u0105\u201d i odnalezienia korzeni, prowadz\u0105cej przez proces zdobywania wiedzy, dojrza\u0142o\u015bci, wgl\u0105du w siebie, histori\u0119, kultur\u0119, warto\u015bci.<\/h5><h5>\u015aw. Jan Pawe\u0142 II w swojej ksi\u0105\u017cce ,,Pami\u0119\u0107 i To\u017csamo\u015b\u0107\u201d wskaza\u0142, \u017ce historyczno\u015b\u0107 cz\u0142owieka wyra\u017ca si\u0119 we w\u0142a\u015bciwej mu zdolno\u015bci obiektywizacji dziej\u00f3w. Zapraszamy wi\u0119c do zg\u0142\u0119biania historii Polski, poszukiwania \u017ar\u00f3de\u0142 chrze\u015bcija\u0144skiej kultury i wiary. Ktokolwiek zechce zrozumie\u0107 to, co zdarzy\u0142o si\u0119 w Polsce i j\u0105 ukszta\u0142towa\u0142o, powinien tu przyj\u015b\u0107. Dzieje Polski widziane oczami \u015bw. Jana Paw\u0142a II i przez niego opowiedziane ods\u0142oni\u0105 nowe perspektywy, pozwol\u0105 znale\u017a\u0107 odpowied\u017a na najwa\u017cniejsze pytanie: kim jestem?<\/h5>\t\t\t\t\t\t\t\t<\/div>\n\t\t\t\t<\/div>\n\t\t\t\t<\/div>\n\t\t\t\t\t<\/div>\n\t\t\t\t<\/div>\n\t\t\t\t<\/div>\n\t\t","protected":false},"excerpt":{"rendered":"<p>Zgodnie z umow\u0105 zawart\u0105 20.06.2018 r. pomi\u0119dzy Wiceprezesem Rady Ministr\u00f3w, Ministrem Kultury i Dziedzictwa Narodowego a Fundacj\u0105 Lux Veritatis utworzona zosta\u0142a z dniem 02.07.2018 r. instytucja kultury pod nazw\u0105 Muzeum \u201ePami\u0119\u0107 i To\u017csamo\u015b\u0107\u201d im. \u015bw. Jana Paw\u0142a II (w organizacji). Zarz\u0105dzeniem Ministra Kultury i Dziedzictwa Narodowego z dnia 29 czerwca 2018 r. (Dz. Urz. MKiDN [&hellip;]<\/p>\n","protected":false},"author":1,"featured_media":0,"parent":0,"menu_order":0,"comment_status":"closed","ping_status":"closed","template":"","meta":{"_acf_changed":false,"footnotes":""},"class_list":["post-800","page","type-page","status-publish","hentry"],"acf":[],"_links":{"self":[{"href":"https:\/\/muzeumpamiecitozsamosc.pl\/index.php\/wp-json\/wp\/v2\/pages\/800","targetHints":{"allow":["GET"]}}],"collection":[{"href":"https:\/\/muzeumpamiecitozsamosc.pl\/index.php\/wp-json\/wp\/v2\/pages"}],"about":[{"href":"https:\/\/muzeumpamiecitozsamosc.pl\/index.php\/wp-json\/wp\/v2\/types\/page"}],"author":[{"embeddable":true,"href":"https:\/\/muzeumpamiecitozsamosc.pl\/index.php\/wp-json\/wp\/v2\/users\/1"}],"replies":[{"embeddable":true,"href":"https:\/\/muzeumpamiecitozsamosc.pl\/index.php\/wp-json\/wp\/v2\/comments?post=800"}],"version-history":[{"count":45,"href":"https:\/\/muzeumpamiecitozsamosc.pl\/index.php\/wp-json\/wp\/v2\/pages\/800\/revisions"}],"predecessor-version":[{"id":5081,"href":"https:\/\/muzeumpamiecitozsamosc.pl\/index.php\/wp-json\/wp\/v2\/pages\/800\/revisions\/5081"}],"wp:attachment":[{"href":"https:\/\/muzeumpamiecitozsamosc.pl\/index.php\/wp-json\/wp\/v2\/media?parent=800"}],"curies":[{"name":"wp","href":"https:\/\/api.w.org\/{rel}","templated":true}]}}